{"id":15663,"date":"2024-05-23T05:13:26","date_gmt":"2024-05-23T05:13:26","guid":{"rendered":"https:\/\/theindividualbrand.com\/?page_id=15663"},"modified":"2024-05-23T05:14:18","modified_gmt":"2024-05-23T05:14:18","slug":"privacy-policy","status":"publish","type":"page","link":"http:\/\/theindividualbrand.com\/en\/privacy-policy\/","title":{"rendered":"Privacy Policy"},"content":{"rendered":"<div data-elementor-type=\"wp-page\" data-elementor-id=\"15663\" class=\"elementor elementor-15663\" data-elementor-post-type=\"page\">\n\t\t\t\t<div class=\"elementor-element elementor-element-e927d92 e-flex e-con-boxed e-con e-parent\" data-id=\"e927d92\" data-element_type=\"container\" data-e-type=\"container\">\n\t\t\t\t\t<div class=\"e-con-inner\">\n\t\t\t\t<div class=\"elementor-element elementor-element-65e61e77 color-scheme-inherit text-left elementor-widget elementor-widget-text-editor\" data-id=\"65e61e77\" data-element_type=\"widget\" data-e-type=\"widget\" data-widget_type=\"text-editor.default\">\n\t\t\t\t<div class=\"elementor-widget-container\">\n\t\t\t\t\t\t\t\t\t\n<p>INFORMATIVA SULLA PRIVACY<br><br>&#8212;-<br><br>SEZIONE 1 &#8211; COSA FACCIAMO CON I TUOI DATI?<br><br>Quando acquisti qualcosa dal nostro negozio, come parte del processo di acquisto e vendita, raccogliamo le informazioni personali che ci fornisci come nome, indirizzo e indirizzo e-mail.<br>Quando navighi nel nostro negozio, riceviamo automaticamente anche l&#8217;indirizzo IP (Internet Protocol) del tuo computer per fornirci informazioni che ci aiutano a conoscere il tuo browser e il sistema operativo.<br>Email marketing (se applicabile): con la tua autorizzazione, potremmo inviarti e-mail sul nostro negozio, nuovi prodotti e altri aggiornamenti.<br><br>SEZIONE 2 &#8211; CONSENSO<br><br>Come si ottiene il mio consenso?<br>Quando ci fornisci informazioni personali per completare una transazione, verificare la tua carta di credito, effettuare un ordine, organizzare una consegna o restituire un acquisto, implica che tu acconsenti a raccoglierle e utilizzarle solo per quel motivo specifico.<br>Se chiediamo le tue informazioni personali per un motivo secondario, come il marketing, ti chiederemo direttamente il tuo consenso espresso o ti forniremo l&#8217;opportunit\u00e0 di dire di no.<br><br>Come ritiro il mio consenso?<br>Se dopo l&#8217;adesione cambi idea, puoi revocare il tuo consenso affinch\u00e9 ti contattiamo, per la raccolta, l&#8217;uso o la divulgazione continua delle tue informazioni, in qualsiasi momento, contattandoci all&#8217;indirizzo info@theindividualbrand.com<\/p>\n\n\n\n<p><br>SEZIONE 3 &#8211; DIVULGAZIONE<br><br>Potremmo divulgare le tue informazioni personali se richiesto dalla legge o se violi i nostri Termini di servizio.<br><br>SEZIONE 4 &#8211; SHOPIFY<br><br>Il nostro negozio \u00e8 ospitato su Shopify Inc. Ci forniscono la piattaforma di e-commerce online che ci consente di venderti i nostri prodotti e servizi.<br>I tuoi dati vengono archiviati tramite l&#8217;archiviazione dei dati di Shopify, i database e l&#8217;applicazione Shopify generale.&nbsp;Memorizzano i tuoi dati su un server sicuro dietro un firewall.<br><br>Pagamento:<br>Se scegli un gateway di pagamento diretto per completare l&#8217;acquisto, Shopify memorizza i dati della tua carta di credito.&nbsp;\u00c8 crittografato tramite il Payment Card Industry Data Security Standard (PCI-DSS).&nbsp;I dati della transazione di acquisto vengono memorizzati solo per il tempo necessario a completare la transazione di acquisto.&nbsp;Al termine, le informazioni sulla transazione di acquisto vengono eliminate.<br>Tutti i gateway di pagamento diretto aderiscono agli standard stabiliti da PCI-DSS gestiti dal PCI Security Standards Council, che \u00e8 uno sforzo congiunto di marchi come Visa, MasterCard, American Express e Discover.<br>I requisiti PCI-DSS aiutano a garantire la gestione sicura delle informazioni sulla carta di credito da parte del nostro negozio e dei suoi fornitori di servizi.<br>Per ulteriori informazioni, puoi anche leggere i Termini di servizio di Shopify (https:\/\/www.shopify.com\/legal\/terms) o l&#8217;Informativa sulla privacy (https:\/\/www.shopify.com\/legal\/privacy).<br><br>SEZIONE 5 &#8211; SERVIZI DI TERZE PARTI<br><br>In generale, i fornitori di terze parti da noi utilizzati raccoglieranno, utilizzeranno e divulgheranno le tue informazioni solo nella misura necessaria per consentire loro di eseguire i servizi che ci forniscono.<br>Tuttavia, alcuni fornitori di servizi di terze parti, come gateway di pagamento e altri elaboratori di transazioni di pagamento, hanno le proprie politiche sulla privacy in relazione alle informazioni che siamo tenuti a fornire loro per le transazioni relative all&#8217;acquisto.<br>Per questi fornitori, ti consigliamo di leggere le loro politiche sulla privacy in modo da poter comprendere il modo in cui le tue informazioni personali saranno gestite da questi fornitori.<br>In particolare, ricorda che alcuni fornitori potrebbero essere ubicati o avere strutture che si trovano in una giurisdizione diversa da te o da noi.&nbsp;Pertanto, se scegli di procedere con una transazione che coinvolge i servizi di un fornitore di servizi di terze parti, le tue informazioni potrebbero essere soggette alle leggi della\/e giurisdizione\/i in cui si trovano quel fornitore di servizi o le sue strutture.<br>Ad esempio, se ti trovi in \u200b\u200bCanada e la tua transazione viene elaborata da un gateway di pagamento situato negli Stati Uniti, le tue informazioni personali utilizzate per completare tale transazione potrebbero essere soggette a divulgazione ai sensi della legislazione degli Stati Uniti, incluso il Patriot Act.<br>Una volta che esci dal sito Web del nostro negozio o vieni reindirizzato a un sito Web o a un&#8217;applicazione di terze parti, non sei pi\u00f9 regolato dalla presente Informativa sulla privacy o dai Termini di servizio del nostro sito Web.<br><br>Collegamenti<br>Quando si fa clic sui collegamenti nel nostro negozio, questi potrebbero indirizzarti lontano dal nostro sito.&nbsp;Non siamo responsabili per le pratiche sulla privacy di altri siti e ti invitiamo a leggere le loro informative sulla privacy.<br><br>SEZIONE 6 &#8211; SICUREZZA<br><br>Per proteggere le tue informazioni personali, prendiamo precauzioni ragionevoli e seguiamo le migliori pratiche del settore per assicurarci che non vengano perse, utilizzate in modo improprio, consultate, divulgate, alterate o distrutte.<br>Se ci fornisci i dati della tua carta di credito, le informazioni vengono crittografate utilizzando la tecnologia Secure Socket Layer (SSL) e archiviate con una crittografia AES-256.&nbsp;Sebbene nessun metodo di trasmissione su Internet o archiviazione elettronica sia sicuro al 100%, seguiamo tutti i requisiti PCI-DSS e implementiamo ulteriori standard di settore generalmente accettati.<br><br>SEZIONE 7 &#8211; COOKIE<br><br>Di seguito \u00e8 riportato un elenco dei cookie che utilizziamo.&nbsp;Li abbiamo elencati qui in modo che tu possa scegliere se desideri disattivare o meno i cookie.<br>_session_id, token univoco, di sessione, consente a Shopify di memorizzare informazioni sulla tua sessione (referrer, pagina di destinazione, ecc.).<br>_shopify_visit, nessun dato in possesso, Persistente per 30 minuti dall&#8217;ultima visita, Utilizzato dal tracker interno delle statistiche del provider del nostro sito web per registrare il numero di visite<br>_shopify_uniq, nessun dato in possesso, scade la mezzanotte (relativa al visitatore) del giorno successivo, Conta il numero di visite ad un punto vendita da parte di un singolo cliente.<br>carrello, token univoco, persistente per 2 settimane, Memorizza informazioni sul contenuto del carrello.<br>_secure_session_id, token univoco,<br>storefront_digest di sessione, token univoco, indefinito Se il negozio ha una password, questa viene utilizzata per determinare se il visitatore corrente ha accesso.<br><br><br>SEZIONE 8 &#8211; ET\u00c0 DEL CONSENSO<br><br>Utilizzando questo sito, dichiari di avere almeno la maggiore et\u00e0 nel tuo stato o provincia di residenza, o di avere la maggiore et\u00e0 nel tuo stato o provincia di residenza e ci hai dato il tuo consenso per consentire a qualsiasi i tuoi dipendenti minori per utilizzare questo sito.<br><br>SEZIONE 9 &#8211; MODIFICHE ALLA PRESENTE INFORMATIVA SULLA PRIVACY<br><br>Ci riserviamo il diritto di modificare questa politica sulla privacy in qualsiasi momento, pertanto si prega di rivederla frequentemente.&nbsp;Modifiche e chiarimenti entreranno in vigore immediatamente dopo la loro pubblicazione sul sito web.&nbsp;Se apportiamo modifiche sostanziali a questa politica, ti informeremo qui che \u00e8 stata aggiornata, in modo che tu sia a conoscenza di quali informazioni raccogliamo, come le utilizziamo e in quali circostanze, se presenti, utilizziamo e\/o divulghiamo esso.<br>Se il nostro negozio viene acquisito o fuso con un&#8217;altra societ\u00e0, le tue informazioni potrebbero essere trasferite ai nuovi proprietari in modo che possiamo continuare a venderti prodotti.<br><br>DOMANDE E INFORMAZIONI DI CONTATTO<br><br>Se desideri: accedere, correggere, modificare o eliminare qualsiasi informazione personale che abbiamo su di te, registrare un reclamo o semplicemente desideri maggiori informazioni, contatta il nostro responsabile della conformit\u00e0 alla privacy all&#8217;indirizzo&nbsp;<a><\/a>info@theindividualbrand.com<\/p>\n\t\t\t\t\t\t\t\t<\/div>\n\t\t\t\t<\/div>\n\t\t\t\t\t<\/div>\n\t\t\t\t<\/div>\n\t\t\t\t<\/div>","protected":false},"excerpt":{"rendered":"<p>INFORMATIVA SULLA PRIVACY &#8212;- SEZIONE 1 &#8211; COSA FACCIAMO CON I TUOI DATI? Quando acquisti qualcosa dal nostro negozio, come<\/p>","protected":false},"author":1,"featured_media":0,"parent":0,"menu_order":0,"comment_status":"closed","ping_status":"closed","template":"","meta":{"_seopress_robots_primary_cat":"","_seopress_titles_title":"","_seopress_titles_desc":"","_seopress_robots_index":"yes","footnotes":""},"class_list":["post-15663","page","type-page","status-publish","hentry"],"yoast_head":"<!-- This site is optimized with the Yoast SEO plugin v27.1.1 - https:\/\/yoast.com\/product\/yoast-seo-wordpress\/ -->\n<title>Privacy Policy - INDIVIDUAL BRAND<\/title>\n<meta name=\"robots\" content=\"index, follow, max-snippet:-1, max-image-preview:large, max-video-preview:-1\" \/>\n<link rel=\"canonical\" href=\"https:\/\/theindividualbrand.com\/en\/privacy-policy\/\" \/>\n<meta property=\"og:locale\" content=\"en_US\" \/>\n<meta property=\"og:type\" content=\"article\" \/>\n<meta property=\"og:title\" content=\"Privacy Policy - INDIVIDUAL BRAND\" \/>\n<meta property=\"og:description\" content=\"INFORMATIVA SULLA PRIVACY &#8212;- SEZIONE 1 &#8211; COSA FACCIAMO CON I TUOI DATI? Quando acquisti qualcosa dal nostro negozio, come\" \/>\n<meta property=\"og:url\" content=\"https:\/\/theindividualbrand.com\/en\/privacy-policy\/\" \/>\n<meta property=\"og:site_name\" content=\"INDIVIDUAL BRAND\" \/>\n<meta property=\"article:modified_time\" content=\"2024-05-23T05:14:18+00:00\" \/>\n<meta name=\"twitter:card\" content=\"summary_large_image\" \/>\n<meta name=\"twitter:label1\" content=\"Est. reading time\" \/>\n\t<meta name=\"twitter:data1\" content=\"6 minutes\" \/>\n<script type=\"application\/ld+json\" class=\"yoast-schema-graph\">{\"@context\":\"https:\/\/schema.org\",\"@graph\":[{\"@type\":\"WebPage\",\"@id\":\"https:\/\/theindividualbrand.com\/privacy-policy\/\",\"url\":\"https:\/\/theindividualbrand.com\/privacy-policy\/\",\"name\":\"Privacy Policy - INDIVIDUAL BRAND\",\"isPartOf\":{\"@id\":\"https:\/\/theindividualbrand.com\/#website\"},\"datePublished\":\"2024-05-23T05:13:26+00:00\",\"dateModified\":\"2024-05-23T05:14:18+00:00\",\"breadcrumb\":{\"@id\":\"https:\/\/theindividualbrand.com\/privacy-policy\/#breadcrumb\"},\"inLanguage\":\"en-US\",\"potentialAction\":[{\"@type\":\"ReadAction\",\"target\":[\"https:\/\/theindividualbrand.com\/privacy-policy\/\"]}]},{\"@type\":\"BreadcrumbList\",\"@id\":\"https:\/\/theindividualbrand.com\/privacy-policy\/#breadcrumb\",\"itemListElement\":[{\"@type\":\"ListItem\",\"position\":1,\"name\":\"Home\",\"item\":\"https:\/\/theindividualbrand.com\/\"},{\"@type\":\"ListItem\",\"position\":2,\"name\":\"Privacy Policy\"}]},{\"@type\":\"WebSite\",\"@id\":\"https:\/\/theindividualbrand.com\/#website\",\"url\":\"https:\/\/theindividualbrand.com\/\",\"name\":\"INDIVIDUAL BRAND\",\"description\":\"Il mondo del lusso riciclato\",\"publisher\":{\"@id\":\"https:\/\/theindividualbrand.com\/#organization\"},\"potentialAction\":[{\"@type\":\"SearchAction\",\"target\":{\"@type\":\"EntryPoint\",\"urlTemplate\":\"https:\/\/theindividualbrand.com\/?s={search_term_string}\"},\"query-input\":{\"@type\":\"PropertyValueSpecification\",\"valueRequired\":true,\"valueName\":\"search_term_string\"}}],\"inLanguage\":\"en-US\"},{\"@type\":\"Organization\",\"@id\":\"https:\/\/theindividualbrand.com\/#organization\",\"name\":\"INDIVIDUAL BRAND\",\"url\":\"https:\/\/theindividualbrand.com\/\",\"logo\":{\"@type\":\"ImageObject\",\"inLanguage\":\"en-US\",\"@id\":\"https:\/\/theindividualbrand.com\/#\/schema\/logo\/image\/\",\"url\":\"https:\/\/theindividualbrand.com\/wp-content\/uploads\/2024\/05\/output-onlinepngtools.png\",\"contentUrl\":\"https:\/\/theindividualbrand.com\/wp-content\/uploads\/2024\/05\/output-onlinepngtools.png\",\"width\":1000,\"height\":324,\"caption\":\"INDIVIDUAL BRAND\"},\"image\":{\"@id\":\"https:\/\/theindividualbrand.com\/#\/schema\/logo\/image\/\"}}]}<\/script>\n<!-- \/ Yoast SEO plugin. -->","yoast_head_json":{"title":"Privacy Policy - INDIVIDUAL BRAND","robots":{"index":"index","follow":"follow","max-snippet":"max-snippet:-1","max-image-preview":"max-image-preview:large","max-video-preview":"max-video-preview:-1"},"canonical":"https:\/\/theindividualbrand.com\/en\/privacy-policy\/","og_locale":"en_US","og_type":"article","og_title":"Privacy Policy - INDIVIDUAL BRAND","og_description":"INFORMATIVA SULLA PRIVACY &#8212;- SEZIONE 1 &#8211; COSA FACCIAMO CON I TUOI DATI? Quando acquisti qualcosa dal nostro negozio, come","og_url":"https:\/\/theindividualbrand.com\/en\/privacy-policy\/","og_site_name":"INDIVIDUAL BRAND","article_modified_time":"2024-05-23T05:14:18+00:00","twitter_card":"summary_large_image","twitter_misc":{"Est. reading time":"6 minutes"},"schema":{"@context":"https:\/\/schema.org","@graph":[{"@type":"WebPage","@id":"https:\/\/theindividualbrand.com\/privacy-policy\/","url":"https:\/\/theindividualbrand.com\/privacy-policy\/","name":"Privacy Policy - INDIVIDUAL BRAND","isPartOf":{"@id":"https:\/\/theindividualbrand.com\/#website"},"datePublished":"2024-05-23T05:13:26+00:00","dateModified":"2024-05-23T05:14:18+00:00","breadcrumb":{"@id":"https:\/\/theindividualbrand.com\/privacy-policy\/#breadcrumb"},"inLanguage":"en-US","potentialAction":[{"@type":"ReadAction","target":["https:\/\/theindividualbrand.com\/privacy-policy\/"]}]},{"@type":"BreadcrumbList","@id":"https:\/\/theindividualbrand.com\/privacy-policy\/#breadcrumb","itemListElement":[{"@type":"ListItem","position":1,"name":"Home","item":"https:\/\/theindividualbrand.com\/"},{"@type":"ListItem","position":2,"name":"Privacy Policy"}]},{"@type":"WebSite","@id":"https:\/\/theindividualbrand.com\/#website","url":"https:\/\/theindividualbrand.com\/","name":"INDIVIDUAL BRAND","description":"Il mondo del lusso riciclato","publisher":{"@id":"https:\/\/theindividualbrand.com\/#organization"},"potentialAction":[{"@type":"SearchAction","target":{"@type":"EntryPoint","urlTemplate":"https:\/\/theindividualbrand.com\/?s={search_term_string}"},"query-input":{"@type":"PropertyValueSpecification","valueRequired":true,"valueName":"search_term_string"}}],"inLanguage":"en-US"},{"@type":"Organization","@id":"https:\/\/theindividualbrand.com\/#organization","name":"INDIVIDUAL BRAND","url":"https:\/\/theindividualbrand.com\/","logo":{"@type":"ImageObject","inLanguage":"en-US","@id":"https:\/\/theindividualbrand.com\/#\/schema\/logo\/image\/","url":"https:\/\/theindividualbrand.com\/wp-content\/uploads\/2024\/05\/output-onlinepngtools.png","contentUrl":"https:\/\/theindividualbrand.com\/wp-content\/uploads\/2024\/05\/output-onlinepngtools.png","width":1000,"height":324,"caption":"INDIVIDUAL BRAND"},"image":{"@id":"https:\/\/theindividualbrand.com\/#\/schema\/logo\/image\/"}}]}},"_links":{"self":[{"href":"http:\/\/theindividualbrand.com\/en\/wp-json\/wp\/v2\/pages\/15663","targetHints":{"allow":["GET"]}}],"collection":[{"href":"http:\/\/theindividualbrand.com\/en\/wp-json\/wp\/v2\/pages"}],"about":[{"href":"http:\/\/theindividualbrand.com\/en\/wp-json\/wp\/v2\/types\/page"}],"author":[{"embeddable":true,"href":"http:\/\/theindividualbrand.com\/en\/wp-json\/wp\/v2\/users\/1"}],"replies":[{"embeddable":true,"href":"http:\/\/theindividualbrand.com\/en\/wp-json\/wp\/v2\/comments?post=15663"}],"version-history":[{"count":0,"href":"http:\/\/theindividualbrand.com\/en\/wp-json\/wp\/v2\/pages\/15663\/revisions"}],"wp:attachment":[{"href":"http:\/\/theindividualbrand.com\/en\/wp-json\/wp\/v2\/media?parent=15663"}],"curies":[{"name":"wp","href":"https:\/\/api.w.org\/{rel}","templated":true}]}}