{"id":17855,"date":"2025-10-22T04:22:03","date_gmt":"2025-10-22T04:22:03","guid":{"rendered":"https:\/\/theindividualbrand.com\/?post_type=product&#038;p=17855"},"modified":"2026-01-20T17:36:27","modified_gmt":"2026-01-20T17:36:27","slug":"portachiavi-louis-vuitton-con-il-moschettone-originale-artigianale","status":"publish","type":"product","link":"https:\/\/theindividualbrand.com\/en\/product\/portachiavi-louis-vuitton-con-il-moschettone-originale-artigianale\/","title":{"rendered":"Portachiavi Louis Vuitton con il moschettone originale (Artigianale)"},"content":{"rendered":"<h1 class=\"p1\"><span class=\"s1\">Portachiavi Louis Vuitton originale \u2013 fatto a mano in Italia\u00a0<\/span><\/h1>\n<p class=\"p1\"><span class=\"s2\">Un accessorio unico creato artigianalmente a partire da materiali originali Louis Vuitton. Questo <\/span><span class=\"s1\">portachiavi Louis Vuitton<\/span><span class=\"s2\"> non utilizza componenti generiche: <\/span><span class=\"s1\">la tela e il moschettone<\/span><span class=\"s2\">\u00a0provengono tutte da una borsa Louis Vuitton autentica.<\/span><\/p>\n<p class=\"p1\"><span class=\"s2\">Ogni pezzo viene tagliato, rifinito e assemblato a mano dai nostri artigiani italiani, dando nuova vita al mondo del lusso.<\/span><\/p>\n<p class=\"p1\"><span class=\"s2\">Perfetto come idea regalo o per chi desidera portare con s\u00e9 un frammento di eleganza senza tempo.<\/span><\/p>","protected":false},"excerpt":{"rendered":"<p>Portachiavi Louis Vuitton originale \u2013 fatto a mano in Italia\u00a0 Un accessorio unico creato artigianalmente a partire da materiali originali<\/p>","protected":false},"featured_media":17894,"template":"","meta":{"_seopress_robots_primary_cat":"none","_seopress_titles_title":"Portachiavi Louis Vuitton Artigianale Donna e Uomo","_seopress_titles_desc":"Questo portachiavi Louis Vuitton fatto a mano \u00e8 uno squisito ornamento che fa risaltare il vostro bagaglio. Il portachiavi in pelle \u00e8 realizzato a mano utilizzando il materiale della borsa originale Louis Vuitton e il 100% di pelle naturale. Pu\u00f2 essere abbinato alla maggior parte dei vostri oggetti per aggiungere un tocco di lusso al loro look.","_seopress_robots_index":""},"product_brand":[],"product_cat":[485,500,659,660,661,662,663,545,546,547,555,574,575,576,577,578,579,580,581,589,590,591,592,593,594,595,596,597,598,599,672,673,674,675,676,677,678,679,680,681,620,630,635,641],"product_tag":[],"class_list":{"0":"post-17855","1":"product","2":"type-product","3":"status-publish","4":"has-post-thumbnail","6":"product_cat-eleganza-e-distinzione-portachiavi-louis-vuitton-per-un-look-memorabile","7":"product_cat-eleva-il-tuo-stile-portachiavi-louis-vuitton-per-una-presenza-inconfondibile","8":"product_cat-idee-regali-uomo","9":"product_cat-idee-regalo-donna","10":"product_cat-idee-regalo-per-donna","11":"product_cat-idee-regalo-per-uomo","12":"product_cat-idee-regalo-uomo-raffinato-regali-per-lui-anniversario","13":"product_cat-louis-vuitton-portachiave-artigianale","14":"product_cat-louis-vuitton-portachiavi-donna-artigianale","15":"product_cat-louis-vuitton-portachiavi-uomo-artigianale","16":"product_cat-offerte-di-oggi","17":"product_cat-portachiave-louis-vuitton-artigianale","18":"product_cat-portachiave-louis-vuitton-uomo-artigianale","19":"product_cat-portachiave-uomo-louis-vuitton-artigianale","20":"product_cat-portachiavi","21":"product_cat-portachiavi-auto-uomo-firmati-louis-vuitton-gucci-artigianali","22":"product_cat-portachiavi-donna-firmati-louis-vuitton-gucci-artigianali","23":"product_cat-portachiavi-donna-louis-vuitton-artigianale","24":"product_cat-portachiavi-firmati-louis-vuitton-gucci-artigianali","25":"product_cat-portachiavi-louis-vuitton-artigianale","26":"product_cat-portachiavi-louis-vuitton-donna-artigianale","27":"product_cat-portachiavi-louis-vuitton-uomo-artigianale","28":"product_cat-portachiavi-louis-vuitton-accessori-di-lusso-per-uno-stile-impeccabile","29":"product_cat-portachiavi-louis-vuitton-eleganza-e-lusso-definiti","30":"product_cat-portachiavi-louis-vuitton-eleganza-e-stile-definiti-in-ogni-dettaglio","31":"product_cat-portachiavi-louis-vuitton-lusso-ed-eleganza-in-un-singolo-dettaglio","32":"product_cat-portachiavi-lv-artigianale","33":"product_cat-portachiavi-lv-donna-artigianale","34":"product_cat-portachiavi-regalo","35":"product_cat-portachiavi-uomo-firmati-gucci-louis-vuitton-artigianali","36":"product_cat-regali-per-la-festa-del-papa","37":"product_cat-regali-per-la-mamma-accessori-esclusivi-per-esprimere-il-tuo-amore","38":"product_cat-regali-per-lei","39":"product_cat-regali-per-uomini","40":"product_cat-regali-per-uomo","41":"product_cat-regali-uomo-idee-uniche-per-lui","42":"product_cat-regalo-donna-accessori-esclusivi-per-lei","43":"product_cat-regalo-festa-del-papa","44":"product_cat-regalo-papa-accessori-unici-per-esprimere-il-tuo-sentimento","45":"product_cat-regalo-uomo-accessori-distintivi-per-un-regalo-indimenticabile","46":"product_cat-scopri-la-refinedment-portachiavi-louis-vuitton-per-un-look-distintivo","47":"product_cat-stile-ed-eleganza-autentica-collezione-di-portachiavi-louis-vuitton","48":"product_cat-stile-elevato-delleleganza-portachiavi-louis-vuitton-per-una-presenza-impressionante","49":"product_cat-stile-italiano-elevato-collezione-di-portachiavi-louis-vuitton","51":"first","52":"instock","53":"featured","54":"shipping-taxable","55":"purchasable","56":"product-type-simple"},"yoast_head":"<!-- This site is optimized with the Yoast SEO plugin v27.1.1 - https:\/\/yoast.com\/product\/yoast-seo-wordpress\/ -->\n<title>Portachiavi Louis Vuitton con il moschettone originale (Artigianale) - INDIVIDUAL BRAND<\/title>\n<meta name=\"robots\" content=\"index, follow, max-snippet:-1, max-image-preview:large, max-video-preview:-1\" \/>\n<link rel=\"canonical\" href=\"https:\/\/theindividualbrand.com\/en\/product\/portachiavi-louis-vuitton-con-il-moschettone-originale-artigianale\/\" \/>\n<meta property=\"og:locale\" content=\"en_US\" \/>\n<meta property=\"og:type\" content=\"article\" \/>\n<meta property=\"og:title\" content=\"Portachiavi Louis Vuitton con il moschettone originale (Artigianale) - INDIVIDUAL BRAND\" \/>\n<meta property=\"og:description\" content=\"Portachiavi Louis Vuitton originale \u2013 fatto a mano in Italia\u00a0 Un accessorio unico creato artigianalmente a partire da materiali originali\" \/>\n<meta property=\"og:url\" content=\"https:\/\/theindividualbrand.com\/en\/product\/portachiavi-louis-vuitton-con-il-moschettone-originale-artigianale\/\" \/>\n<meta property=\"og:site_name\" content=\"INDIVIDUAL BRAND\" \/>\n<meta property=\"article:modified_time\" content=\"2026-01-20T17:36:27+00:00\" \/>\n<meta property=\"og:image\" content=\"https:\/\/theindividualbrand.com\/wp-content\/uploads\/2025\/10\/IMG_1629.jpg\" \/>\n\t<meta property=\"og:image:width\" content=\"1512\" \/>\n\t<meta property=\"og:image:height\" content=\"2016\" \/>\n\t<meta property=\"og:image:type\" content=\"image\/jpeg\" \/>\n<meta name=\"twitter:card\" content=\"summary_large_image\" \/>\n<meta name=\"twitter:label1\" content=\"Est. reading time\" \/>\n\t<meta name=\"twitter:data1\" content=\"1 minute\" \/>\n<script type=\"application\/ld+json\" class=\"yoast-schema-graph\">{\"@context\":\"https:\/\/schema.org\",\"@graph\":[{\"@type\":\"WebPage\",\"@id\":\"https:\/\/theindividualbrand.com\/product\/portachiavi-louis-vuitton-con-il-moschettone-originale-artigianale\/\",\"url\":\"https:\/\/theindividualbrand.com\/product\/portachiavi-louis-vuitton-con-il-moschettone-originale-artigianale\/\",\"name\":\"Portachiavi Louis Vuitton con il moschettone originale (Artigianale) - INDIVIDUAL BRAND\",\"isPartOf\":{\"@id\":\"https:\/\/theindividualbrand.com\/#website\"},\"primaryImageOfPage\":{\"@id\":\"https:\/\/theindividualbrand.com\/product\/portachiavi-louis-vuitton-con-il-moschettone-originale-artigianale\/#primaryimage\"},\"image\":{\"@id\":\"https:\/\/theindividualbrand.com\/product\/portachiavi-louis-vuitton-con-il-moschettone-originale-artigianale\/#primaryimage\"},\"thumbnailUrl\":\"https:\/\/theindividualbrand.com\/wp-content\/uploads\/2025\/10\/IMG_1629.jpg\",\"datePublished\":\"2025-10-22T04:22:03+00:00\",\"dateModified\":\"2026-01-20T17:36:27+00:00\",\"breadcrumb\":{\"@id\":\"https:\/\/theindividualbrand.com\/product\/portachiavi-louis-vuitton-con-il-moschettone-originale-artigianale\/#breadcrumb\"},\"inLanguage\":\"en-US\",\"potentialAction\":[{\"@type\":\"ReadAction\",\"target\":[\"https:\/\/theindividualbrand.com\/product\/portachiavi-louis-vuitton-con-il-moschettone-originale-artigianale\/\"]}]},{\"@type\":\"ImageObject\",\"inLanguage\":\"en-US\",\"@id\":\"https:\/\/theindividualbrand.com\/product\/portachiavi-louis-vuitton-con-il-moschettone-originale-artigianale\/#primaryimage\",\"url\":\"https:\/\/theindividualbrand.com\/wp-content\/uploads\/2025\/10\/IMG_1629.jpg\",\"contentUrl\":\"https:\/\/theindividualbrand.com\/wp-content\/uploads\/2025\/10\/IMG_1629.jpg\",\"width\":1512,\"height\":2016},{\"@type\":\"BreadcrumbList\",\"@id\":\"https:\/\/theindividualbrand.com\/product\/portachiavi-louis-vuitton-con-il-moschettone-originale-artigianale\/#breadcrumb\",\"itemListElement\":[{\"@type\":\"ListItem\",\"position\":1,\"name\":\"Home\",\"item\":\"https:\/\/theindividualbrand.com\/\"},{\"@type\":\"ListItem\",\"position\":2,\"name\":\"Prodotti\",\"item\":\"https:\/\/theindividualbrand.com\/shop\/\"},{\"@type\":\"ListItem\",\"position\":3,\"name\":\"Portachiavi Louis Vuitton con il moschettone originale (Artigianale)\"}]},{\"@type\":\"WebSite\",\"@id\":\"https:\/\/theindividualbrand.com\/#website\",\"url\":\"https:\/\/theindividualbrand.com\/\",\"name\":\"INDIVIDUAL BRAND\",\"description\":\"Il mondo del lusso riciclato\",\"publisher\":{\"@id\":\"https:\/\/theindividualbrand.com\/#organization\"},\"potentialAction\":[{\"@type\":\"SearchAction\",\"target\":{\"@type\":\"EntryPoint\",\"urlTemplate\":\"https:\/\/theindividualbrand.com\/?s={search_term_string}\"},\"query-input\":{\"@type\":\"PropertyValueSpecification\",\"valueRequired\":true,\"valueName\":\"search_term_string\"}}],\"inLanguage\":\"en-US\"},{\"@type\":\"Organization\",\"@id\":\"https:\/\/theindividualbrand.com\/#organization\",\"name\":\"INDIVIDUAL BRAND\",\"url\":\"https:\/\/theindividualbrand.com\/\",\"logo\":{\"@type\":\"ImageObject\",\"inLanguage\":\"en-US\",\"@id\":\"https:\/\/theindividualbrand.com\/#\/schema\/logo\/image\/\",\"url\":\"https:\/\/theindividualbrand.com\/wp-content\/uploads\/2024\/05\/output-onlinepngtools.png\",\"contentUrl\":\"https:\/\/theindividualbrand.com\/wp-content\/uploads\/2024\/05\/output-onlinepngtools.png\",\"width\":1000,\"height\":324,\"caption\":\"INDIVIDUAL BRAND\"},\"image\":{\"@id\":\"https:\/\/theindividualbrand.com\/#\/schema\/logo\/image\/\"}}]}<\/script>\n<!-- \/ Yoast SEO plugin. -->","yoast_head_json":{"title":"Portachiavi Louis Vuitton con il moschettone originale (Artigianale) - INDIVIDUAL BRAND","robots":{"index":"index","follow":"follow","max-snippet":"max-snippet:-1","max-image-preview":"max-image-preview:large","max-video-preview":"max-video-preview:-1"},"canonical":"https:\/\/theindividualbrand.com\/en\/product\/portachiavi-louis-vuitton-con-il-moschettone-originale-artigianale\/","og_locale":"en_US","og_type":"article","og_title":"Portachiavi Louis Vuitton con il moschettone originale (Artigianale) - INDIVIDUAL BRAND","og_description":"Portachiavi Louis Vuitton originale \u2013 fatto a mano in Italia\u00a0 Un accessorio unico creato artigianalmente a partire da materiali originali","og_url":"https:\/\/theindividualbrand.com\/en\/product\/portachiavi-louis-vuitton-con-il-moschettone-originale-artigianale\/","og_site_name":"INDIVIDUAL BRAND","article_modified_time":"2026-01-20T17:36:27+00:00","og_image":[{"width":1512,"height":2016,"url":"https:\/\/theindividualbrand.com\/wp-content\/uploads\/2025\/10\/IMG_1629.jpg","type":"image\/jpeg"}],"twitter_card":"summary_large_image","twitter_misc":{"Est. reading time":"1 minute"},"schema":{"@context":"https:\/\/schema.org","@graph":[{"@type":"WebPage","@id":"https:\/\/theindividualbrand.com\/product\/portachiavi-louis-vuitton-con-il-moschettone-originale-artigianale\/","url":"https:\/\/theindividualbrand.com\/product\/portachiavi-louis-vuitton-con-il-moschettone-originale-artigianale\/","name":"Portachiavi Louis Vuitton con il moschettone originale (Artigianale) - INDIVIDUAL BRAND","isPartOf":{"@id":"https:\/\/theindividualbrand.com\/#website"},"primaryImageOfPage":{"@id":"https:\/\/theindividualbrand.com\/product\/portachiavi-louis-vuitton-con-il-moschettone-originale-artigianale\/#primaryimage"},"image":{"@id":"https:\/\/theindividualbrand.com\/product\/portachiavi-louis-vuitton-con-il-moschettone-originale-artigianale\/#primaryimage"},"thumbnailUrl":"https:\/\/theindividualbrand.com\/wp-content\/uploads\/2025\/10\/IMG_1629.jpg","datePublished":"2025-10-22T04:22:03+00:00","dateModified":"2026-01-20T17:36:27+00:00","breadcrumb":{"@id":"https:\/\/theindividualbrand.com\/product\/portachiavi-louis-vuitton-con-il-moschettone-originale-artigianale\/#breadcrumb"},"inLanguage":"en-US","potentialAction":[{"@type":"ReadAction","target":["https:\/\/theindividualbrand.com\/product\/portachiavi-louis-vuitton-con-il-moschettone-originale-artigianale\/"]}]},{"@type":"ImageObject","inLanguage":"en-US","@id":"https:\/\/theindividualbrand.com\/product\/portachiavi-louis-vuitton-con-il-moschettone-originale-artigianale\/#primaryimage","url":"https:\/\/theindividualbrand.com\/wp-content\/uploads\/2025\/10\/IMG_1629.jpg","contentUrl":"https:\/\/theindividualbrand.com\/wp-content\/uploads\/2025\/10\/IMG_1629.jpg","width":1512,"height":2016},{"@type":"BreadcrumbList","@id":"https:\/\/theindividualbrand.com\/product\/portachiavi-louis-vuitton-con-il-moschettone-originale-artigianale\/#breadcrumb","itemListElement":[{"@type":"ListItem","position":1,"name":"Home","item":"https:\/\/theindividualbrand.com\/"},{"@type":"ListItem","position":2,"name":"Prodotti","item":"https:\/\/theindividualbrand.com\/shop\/"},{"@type":"ListItem","position":3,"name":"Portachiavi Louis Vuitton con il moschettone originale (Artigianale)"}]},{"@type":"WebSite","@id":"https:\/\/theindividualbrand.com\/#website","url":"https:\/\/theindividualbrand.com\/","name":"INDIVIDUAL BRAND","description":"Il mondo del lusso riciclato","publisher":{"@id":"https:\/\/theindividualbrand.com\/#organization"},"potentialAction":[{"@type":"SearchAction","target":{"@type":"EntryPoint","urlTemplate":"https:\/\/theindividualbrand.com\/?s={search_term_string}"},"query-input":{"@type":"PropertyValueSpecification","valueRequired":true,"valueName":"search_term_string"}}],"inLanguage":"en-US"},{"@type":"Organization","@id":"https:\/\/theindividualbrand.com\/#organization","name":"INDIVIDUAL BRAND","url":"https:\/\/theindividualbrand.com\/","logo":{"@type":"ImageObject","inLanguage":"en-US","@id":"https:\/\/theindividualbrand.com\/#\/schema\/logo\/image\/","url":"https:\/\/theindividualbrand.com\/wp-content\/uploads\/2024\/05\/output-onlinepngtools.png","contentUrl":"https:\/\/theindividualbrand.com\/wp-content\/uploads\/2024\/05\/output-onlinepngtools.png","width":1000,"height":324,"caption":"INDIVIDUAL BRAND"},"image":{"@id":"https:\/\/theindividualbrand.com\/#\/schema\/logo\/image\/"}}]}},"_links":{"self":[{"href":"https:\/\/theindividualbrand.com\/en\/wp-json\/wp\/v2\/product\/17855","targetHints":{"allow":["GET"]}}],"collection":[{"href":"https:\/\/theindividualbrand.com\/en\/wp-json\/wp\/v2\/product"}],"about":[{"href":"https:\/\/theindividualbrand.com\/en\/wp-json\/wp\/v2\/types\/product"}],"version-history":[{"count":3,"href":"https:\/\/theindividualbrand.com\/en\/wp-json\/wp\/v2\/product\/17855\/revisions"}],"predecessor-version":[{"id":17897,"href":"https:\/\/theindividualbrand.com\/en\/wp-json\/wp\/v2\/product\/17855\/revisions\/17897"}],"wp:featuredmedia":[{"embeddable":true,"href":"https:\/\/theindividualbrand.com\/en\/wp-json\/wp\/v2\/media\/17894"}],"wp:attachment":[{"href":"https:\/\/theindividualbrand.com\/en\/wp-json\/wp\/v2\/media?parent=17855"}],"wp:term":[{"taxonomy":"product_brand","embeddable":true,"href":"https:\/\/theindividualbrand.com\/en\/wp-json\/wp\/v2\/product_brand?post=17855"},{"taxonomy":"product_cat","embeddable":true,"href":"https:\/\/theindividualbrand.com\/en\/wp-json\/wp\/v2\/product_cat?post=17855"},{"taxonomy":"product_tag","embeddable":true,"href":"https:\/\/theindividualbrand.com\/en\/wp-json\/wp\/v2\/product_tag?post=17855"}],"curies":[{"name":"wp","href":"https:\/\/api.w.org\/{rel}","templated":true}]}}