{"id":2531,"date":"2024-05-14T08:06:22","date_gmt":"2024-05-14T08:06:22","guid":{"rendered":"https:\/\/theindividualbrand.com\/product\/cinturino-gucci-apple-watch-blu-artigianale\/"},"modified":"2025-12-09T15:24:30","modified_gmt":"2025-12-09T15:24:30","slug":"cinturino-gucci-apple-watch-blu-artigianale","status":"publish","type":"product","link":"https:\/\/theindividualbrand.com\/en\/product\/cinturino-gucci-apple-watch-blu-artigianale\/","title":{"rendered":"Gucci Apple Watch Blue Handcrafted Strap"},"content":{"rendered":"<h2>Gucci Strap for Apple Watch: Elegance and Style<\/h2>\n<p>Crafted from the finest materials, this strap is handmade using material from the original Gucci bag and 100% natural leather, ensuring maximum comfort on the wrist. We designed Gucci straps for Apple Watch to highlight your individuality and make you feel unique and special!<\/p>\n<p>Il cinturino Gucci \u00e8 compatibile con Apple Watch della Serie 10, 9, 8, 7, 6, 5, 4, 3, 2, 1, SE, SE2, Ultra, Ultra 2. Il modello \u00e8 adatto per polsi di larghezza 13-25cm. Tieni presente che il cinturino Apple Watch non \u00e8 lavabile e dovrebbe essere pulito con un panno umido.<\/p>\n<p>The gift box is included to ensure a special touch to your gift.<\/p>","protected":false},"excerpt":{"rendered":"<p>Cinturino Gucci per Apple Watch: Eleganza e Stile Realizzato con i materiali pi\u00f9 pregiati, questo cinturino \u00e8 artigianalmente creato con<\/p>","protected":false},"featured_media":3172,"template":"","meta":{"_seopress_robots_primary_cat":"none","_seopress_titles_title":"Cinturino Gucci Apple Watch Blu Artigianele","_seopress_titles_desc":"Abbiamo creato i cinturini Gucci apple watch per mettere in risalto la vostra individualit\u00e0, per rendervi unici e speciali!","_seopress_robots_index":""},"product_brand":[],"product_cat":[184,186,214,216,218,233,243,262,267,278,491,498,501,503,505,510,659,660,661,662,663,539,552,553,603,672,673,674,675,676,677,678,679,680,681,621,622,623,636,642,646],"product_tag":[132,133,134,135,136,137,131],"class_list":{"0":"post-2531","1":"product","2":"type-product","3":"status-publish","4":"has-post-thumbnail","6":"product_cat-apple-cinturino-watch-gucci-serie-9-artigianale","7":"product_cat-apple-watch-cinturini-gucci-serie-9-artigianale","8":"product_cat-cinturini-apple-watch","9":"product_cat-cinturini-apple-watch-se-gucci-artigianali","10":"product_cat-cinturini-apple-watch-ultra-2-gucci-artigianale","11":"product_cat-cinturini-gucci-apple-watch-artigianale","12":"product_cat-cinturini-per-apple-watch-gucci-serie-9-artigianale","13":"product_cat-cinturino-apple-watch-gucci-serie-9-artigianale","14":"product_cat-cinturino-apple-watch-ultra-gucci-artigianale","15":"product_cat-cinturino-gucci-apple-watch-serie-9-artigianale","16":"product_cat-eleganza-minimalista-cinturino-gucci-minimal-per-apple-watch","17":"product_cat-eleva-il-tuo-stile-cinturino-gucci-per-apple-watch","18":"product_cat-eredita-di-classe-cinturino-gucci-heritage-per-apple-watch","19":"product_cat-esclusivita-personalizzata-cinturino-gucci-custom-per-apple-watch","20":"product_cat-esplora-leccentricita-cinturino-gucci-eccentric-per-apple-watch","21":"product_cat-fascino-seducente-cinturino-gucci-seduction-per-apple-watch","22":"product_cat-idee-regali-uomo","23":"product_cat-idee-regalo-donna","24":"product_cat-idee-regalo-per-donna","25":"product_cat-idee-regalo-per-uomo","26":"product_cat-idee-regalo-uomo-raffinato-regali-per-lui-anniversario","27":"product_cat-lessenza-del-glamour-cinturino-gucci-glam-per-apple-watch","28":"product_cat-lusso-reinterpretato-cinturino-gucci-per-apple-watch","29":"product_cat-lusso-reso-accessibile-cinturino-gucci-accessibile-per-apple-watch","30":"product_cat-raffinatezza-italiana-al-polso-cinturino-gucci-per-apple-watch","31":"product_cat-regali-per-la-festa-del-papa","32":"product_cat-regali-per-la-mamma-accessori-esclusivi-per-esprimere-il-tuo-amore","33":"product_cat-regali-per-lei","34":"product_cat-regali-per-uomini","35":"product_cat-regali-per-uomo","36":"product_cat-regali-uomo-idee-uniche-per-lui","37":"product_cat-regalo-donna-accessori-esclusivi-per-lei","38":"product_cat-regalo-festa-del-papa","39":"product_cat-regalo-papa-accessori-unici-per-esprimere-il-tuo-sentimento","40":"product_cat-regalo-uomo-accessori-distintivi-per-un-regalo-indimenticabile","41":"product_cat-sensazione-di-liberta-cinturino-gucci-freedom-per-apple-watch","42":"product_cat-sintonizzati-sulleleganza-cinturino-gucci-harmony-per-apple-watch","43":"product_cat-sofisticazione-in-movimento-cinturino-gucci-dinamico-per-apple-watch","44":"product_cat-stile-iconico-al-polso-cinturino-apple-watch-gucci","45":"product_cat-stile-ribelle-cinturino-gucci-rebel-per-apple-watch","46":"product_cat-versatilita-senza-confini-cinturino-gucci-versatile-per-apple-watch","47":"product_tag-apple-watch-band","48":"product_tag-apple-watch-cinturino-gucci","49":"product_tag-apple-watch-gucci","50":"product_tag-cinturino-apple-watch","51":"product_tag-cinturino-gucci","52":"product_tag-gucci","53":"product_tag-original","55":"first","56":"instock","57":"sale","58":"shipping-taxable","59":"purchasable","60":"product-type-variable"},"yoast_head":"<!-- This site is optimized with the Yoast SEO plugin v27.1.1 - https:\/\/yoast.com\/product\/yoast-seo-wordpress\/ -->\n<title>Cinturino Gucci Apple Watch Blu Artigianale - INDIVIDUAL BRAND<\/title>\n<meta name=\"robots\" content=\"index, follow, max-snippet:-1, max-image-preview:large, max-video-preview:-1\" \/>\n<link rel=\"canonical\" href=\"https:\/\/theindividualbrand.com\/en\/product\/cinturino-gucci-apple-watch-blu-artigianale\/\" \/>\n<meta property=\"og:locale\" content=\"en_US\" \/>\n<meta property=\"og:type\" content=\"article\" \/>\n<meta property=\"og:title\" content=\"Cinturino Gucci Apple Watch Blu Artigianale - INDIVIDUAL BRAND\" \/>\n<meta property=\"og:description\" content=\"Cinturino Gucci per Apple Watch: Eleganza e Stile Realizzato con i materiali pi\u00f9 pregiati, questo cinturino \u00e8 artigianalmente creato con\" \/>\n<meta property=\"og:url\" content=\"https:\/\/theindividualbrand.com\/en\/product\/cinturino-gucci-apple-watch-blu-artigianale\/\" \/>\n<meta property=\"og:site_name\" content=\"INDIVIDUAL BRAND\" \/>\n<meta property=\"article:modified_time\" content=\"2025-12-09T15:24:30+00:00\" \/>\n<meta property=\"og:image\" content=\"https:\/\/theindividualbrand.com\/wp-content\/uploads\/2024\/05\/Cinturino-Gucci-Apple-Watch-Blu-Artigianale-2.jpg\" \/>\n\t<meta property=\"og:image:width\" content=\"1500\" \/>\n\t<meta property=\"og:image:height\" content=\"1500\" \/>\n\t<meta property=\"og:image:type\" content=\"image\/jpeg\" \/>\n<meta name=\"twitter:card\" content=\"summary_large_image\" \/>\n<meta name=\"twitter:label1\" content=\"Est. reading time\" \/>\n\t<meta name=\"twitter:data1\" content=\"1 minute\" \/>\n<script type=\"application\/ld+json\" class=\"yoast-schema-graph\">{\"@context\":\"https:\/\/schema.org\",\"@graph\":[{\"@type\":\"WebPage\",\"@id\":\"https:\/\/theindividualbrand.com\/product\/cinturino-gucci-apple-watch-blu-artigianale\/\",\"url\":\"https:\/\/theindividualbrand.com\/product\/cinturino-gucci-apple-watch-blu-artigianale\/\",\"name\":\"Cinturino Gucci Apple Watch Blu Artigianale - INDIVIDUAL BRAND\",\"isPartOf\":{\"@id\":\"https:\/\/theindividualbrand.com\/#website\"},\"primaryImageOfPage\":{\"@id\":\"https:\/\/theindividualbrand.com\/product\/cinturino-gucci-apple-watch-blu-artigianale\/#primaryimage\"},\"image\":{\"@id\":\"https:\/\/theindividualbrand.com\/product\/cinturino-gucci-apple-watch-blu-artigianale\/#primaryimage\"},\"thumbnailUrl\":\"https:\/\/theindividualbrand.com\/wp-content\/uploads\/2024\/05\/Cinturino-Gucci-Apple-Watch-Blu-Artigianale-2.jpg\",\"datePublished\":\"2024-05-14T08:06:22+00:00\",\"dateModified\":\"2025-12-09T15:24:30+00:00\",\"breadcrumb\":{\"@id\":\"https:\/\/theindividualbrand.com\/product\/cinturino-gucci-apple-watch-blu-artigianale\/#breadcrumb\"},\"inLanguage\":\"en-US\",\"potentialAction\":[{\"@type\":\"ReadAction\",\"target\":[\"https:\/\/theindividualbrand.com\/product\/cinturino-gucci-apple-watch-blu-artigianale\/\"]}]},{\"@type\":\"ImageObject\",\"inLanguage\":\"en-US\",\"@id\":\"https:\/\/theindividualbrand.com\/product\/cinturino-gucci-apple-watch-blu-artigianale\/#primaryimage\",\"url\":\"https:\/\/theindividualbrand.com\/wp-content\/uploads\/2024\/05\/Cinturino-Gucci-Apple-Watch-Blu-Artigianale-2.jpg\",\"contentUrl\":\"https:\/\/theindividualbrand.com\/wp-content\/uploads\/2024\/05\/Cinturino-Gucci-Apple-Watch-Blu-Artigianale-2.jpg\",\"width\":1500,\"height\":1500},{\"@type\":\"BreadcrumbList\",\"@id\":\"https:\/\/theindividualbrand.com\/product\/cinturino-gucci-apple-watch-blu-artigianale\/#breadcrumb\",\"itemListElement\":[{\"@type\":\"ListItem\",\"position\":1,\"name\":\"Home\",\"item\":\"https:\/\/theindividualbrand.com\/\"},{\"@type\":\"ListItem\",\"position\":2,\"name\":\"Prodotti\",\"item\":\"https:\/\/theindividualbrand.com\/shop\/\"},{\"@type\":\"ListItem\",\"position\":3,\"name\":\"Cinturino Gucci Apple Watch Blu Artigianale\"}]},{\"@type\":\"WebSite\",\"@id\":\"https:\/\/theindividualbrand.com\/#website\",\"url\":\"https:\/\/theindividualbrand.com\/\",\"name\":\"INDIVIDUAL BRAND\",\"description\":\"Il mondo del lusso riciclato\",\"publisher\":{\"@id\":\"https:\/\/theindividualbrand.com\/#organization\"},\"potentialAction\":[{\"@type\":\"SearchAction\",\"target\":{\"@type\":\"EntryPoint\",\"urlTemplate\":\"https:\/\/theindividualbrand.com\/?s={search_term_string}\"},\"query-input\":{\"@type\":\"PropertyValueSpecification\",\"valueRequired\":true,\"valueName\":\"search_term_string\"}}],\"inLanguage\":\"en-US\"},{\"@type\":\"Organization\",\"@id\":\"https:\/\/theindividualbrand.com\/#organization\",\"name\":\"INDIVIDUAL BRAND\",\"url\":\"https:\/\/theindividualbrand.com\/\",\"logo\":{\"@type\":\"ImageObject\",\"inLanguage\":\"en-US\",\"@id\":\"https:\/\/theindividualbrand.com\/#\/schema\/logo\/image\/\",\"url\":\"https:\/\/theindividualbrand.com\/wp-content\/uploads\/2024\/05\/output-onlinepngtools.png\",\"contentUrl\":\"https:\/\/theindividualbrand.com\/wp-content\/uploads\/2024\/05\/output-onlinepngtools.png\",\"width\":1000,\"height\":324,\"caption\":\"INDIVIDUAL BRAND\"},\"image\":{\"@id\":\"https:\/\/theindividualbrand.com\/#\/schema\/logo\/image\/\"}}]}<\/script>\n<!-- \/ Yoast SEO plugin. -->","yoast_head_json":{"title":"Cinturino Gucci Apple Watch Blu Artigianale - INDIVIDUAL BRAND","robots":{"index":"index","follow":"follow","max-snippet":"max-snippet:-1","max-image-preview":"max-image-preview:large","max-video-preview":"max-video-preview:-1"},"canonical":"https:\/\/theindividualbrand.com\/en\/product\/cinturino-gucci-apple-watch-blu-artigianale\/","og_locale":"en_US","og_type":"article","og_title":"Cinturino Gucci Apple Watch Blu Artigianale - INDIVIDUAL BRAND","og_description":"Cinturino Gucci per Apple Watch: Eleganza e Stile Realizzato con i materiali pi\u00f9 pregiati, questo cinturino \u00e8 artigianalmente creato con","og_url":"https:\/\/theindividualbrand.com\/en\/product\/cinturino-gucci-apple-watch-blu-artigianale\/","og_site_name":"INDIVIDUAL BRAND","article_modified_time":"2025-12-09T15:24:30+00:00","og_image":[{"width":1500,"height":1500,"url":"https:\/\/theindividualbrand.com\/wp-content\/uploads\/2024\/05\/Cinturino-Gucci-Apple-Watch-Blu-Artigianale-2.jpg","type":"image\/jpeg"}],"twitter_card":"summary_large_image","twitter_misc":{"Est. reading time":"1 minute"},"schema":{"@context":"https:\/\/schema.org","@graph":[{"@type":"WebPage","@id":"https:\/\/theindividualbrand.com\/product\/cinturino-gucci-apple-watch-blu-artigianale\/","url":"https:\/\/theindividualbrand.com\/product\/cinturino-gucci-apple-watch-blu-artigianale\/","name":"Cinturino Gucci Apple Watch Blu Artigianale - INDIVIDUAL BRAND","isPartOf":{"@id":"https:\/\/theindividualbrand.com\/#website"},"primaryImageOfPage":{"@id":"https:\/\/theindividualbrand.com\/product\/cinturino-gucci-apple-watch-blu-artigianale\/#primaryimage"},"image":{"@id":"https:\/\/theindividualbrand.com\/product\/cinturino-gucci-apple-watch-blu-artigianale\/#primaryimage"},"thumbnailUrl":"https:\/\/theindividualbrand.com\/wp-content\/uploads\/2024\/05\/Cinturino-Gucci-Apple-Watch-Blu-Artigianale-2.jpg","datePublished":"2024-05-14T08:06:22+00:00","dateModified":"2025-12-09T15:24:30+00:00","breadcrumb":{"@id":"https:\/\/theindividualbrand.com\/product\/cinturino-gucci-apple-watch-blu-artigianale\/#breadcrumb"},"inLanguage":"en-US","potentialAction":[{"@type":"ReadAction","target":["https:\/\/theindividualbrand.com\/product\/cinturino-gucci-apple-watch-blu-artigianale\/"]}]},{"@type":"ImageObject","inLanguage":"en-US","@id":"https:\/\/theindividualbrand.com\/product\/cinturino-gucci-apple-watch-blu-artigianale\/#primaryimage","url":"https:\/\/theindividualbrand.com\/wp-content\/uploads\/2024\/05\/Cinturino-Gucci-Apple-Watch-Blu-Artigianale-2.jpg","contentUrl":"https:\/\/theindividualbrand.com\/wp-content\/uploads\/2024\/05\/Cinturino-Gucci-Apple-Watch-Blu-Artigianale-2.jpg","width":1500,"height":1500},{"@type":"BreadcrumbList","@id":"https:\/\/theindividualbrand.com\/product\/cinturino-gucci-apple-watch-blu-artigianale\/#breadcrumb","itemListElement":[{"@type":"ListItem","position":1,"name":"Home","item":"https:\/\/theindividualbrand.com\/"},{"@type":"ListItem","position":2,"name":"Prodotti","item":"https:\/\/theindividualbrand.com\/shop\/"},{"@type":"ListItem","position":3,"name":"Cinturino Gucci Apple Watch Blu Artigianale"}]},{"@type":"WebSite","@id":"https:\/\/theindividualbrand.com\/#website","url":"https:\/\/theindividualbrand.com\/","name":"INDIVIDUAL BRAND","description":"Il mondo del lusso riciclato","publisher":{"@id":"https:\/\/theindividualbrand.com\/#organization"},"potentialAction":[{"@type":"SearchAction","target":{"@type":"EntryPoint","urlTemplate":"https:\/\/theindividualbrand.com\/?s={search_term_string}"},"query-input":{"@type":"PropertyValueSpecification","valueRequired":true,"valueName":"search_term_string"}}],"inLanguage":"en-US"},{"@type":"Organization","@id":"https:\/\/theindividualbrand.com\/#organization","name":"INDIVIDUAL BRAND","url":"https:\/\/theindividualbrand.com\/","logo":{"@type":"ImageObject","inLanguage":"en-US","@id":"https:\/\/theindividualbrand.com\/#\/schema\/logo\/image\/","url":"https:\/\/theindividualbrand.com\/wp-content\/uploads\/2024\/05\/output-onlinepngtools.png","contentUrl":"https:\/\/theindividualbrand.com\/wp-content\/uploads\/2024\/05\/output-onlinepngtools.png","width":1000,"height":324,"caption":"INDIVIDUAL BRAND"},"image":{"@id":"https:\/\/theindividualbrand.com\/#\/schema\/logo\/image\/"}}]}},"_links":{"self":[{"href":"https:\/\/theindividualbrand.com\/en\/wp-json\/wp\/v2\/product\/2531","targetHints":{"allow":["GET"]}}],"collection":[{"href":"https:\/\/theindividualbrand.com\/en\/wp-json\/wp\/v2\/product"}],"about":[{"href":"https:\/\/theindividualbrand.com\/en\/wp-json\/wp\/v2\/types\/product"}],"version-history":[{"count":1,"href":"https:\/\/theindividualbrand.com\/en\/wp-json\/wp\/v2\/product\/2531\/revisions"}],"predecessor-version":[{"id":17773,"href":"https:\/\/theindividualbrand.com\/en\/wp-json\/wp\/v2\/product\/2531\/revisions\/17773"}],"wp:featuredmedia":[{"embeddable":true,"href":"https:\/\/theindividualbrand.com\/en\/wp-json\/wp\/v2\/media\/3172"}],"wp:attachment":[{"href":"https:\/\/theindividualbrand.com\/en\/wp-json\/wp\/v2\/media?parent=2531"}],"wp:term":[{"taxonomy":"product_brand","embeddable":true,"href":"https:\/\/theindividualbrand.com\/en\/wp-json\/wp\/v2\/product_brand?post=2531"},{"taxonomy":"product_cat","embeddable":true,"href":"https:\/\/theindividualbrand.com\/en\/wp-json\/wp\/v2\/product_cat?post=2531"},{"taxonomy":"product_tag","embeddable":true,"href":"https:\/\/theindividualbrand.com\/en\/wp-json\/wp\/v2\/product_tag?post=2531"}],"curies":[{"name":"wp","href":"https:\/\/api.w.org\/{rel}","templated":true}]}}