{"id":3232,"date":"2024-05-14T08:08:35","date_gmt":"2024-05-14T08:08:35","guid":{"rendered":"https:\/\/theindividualbrand.com\/product\/portachiavi-louis-vuitton-mini-artigianale\/"},"modified":"2026-01-18T05:52:02","modified_gmt":"2026-01-18T05:52:02","slug":"portachiavi-louis-vuitton-mini-artigianale","status":"publish","type":"product","link":"https:\/\/theindividualbrand.com\/en\/product\/portachiavi-louis-vuitton-mini-artigianale\/","title":{"rendered":"Louis Vuitton Mini Handcrafted Keyring"},"content":{"rendered":"<h2>Craftsmanship Elegance<\/h2>\n<p>This handmade Louis Vuitton keychain is an exquisite ornament that enhances your luggage. The leather keychain is crafted using materials from original Louis Vuitton bags and 100% natural leather. It can be paired with most of your belongings to add a touch of luxury to their appearance.<\/p>\n<h2>Keychain Dimensions<\/h2>\n<p>The Louis Vuitton keychain is 7cm in length and 1cm in width. Please note that the keychain is not washable. Clean with a damp cloth.<\/p>","protected":false},"excerpt":{"rendered":"<p>Eleganza Artigianale Questo portachiavi Louis Vuitton fatto a mano \u00e8 uno squisito ornamento che fa risaltare il vostro bagaglio. Il<\/p>","protected":false},"featured_media":3445,"template":"","meta":{"_seopress_robots_primary_cat":"none","_seopress_titles_title":"Portachiavi Louis Vuitton Artigianale Donna e Uomo","_seopress_titles_desc":"Questo portachiavi Louis Vuitton fatto a mano \u00e8 uno squisito ornamento che fa risaltare il vostro bagaglio. Il portachiavi in pelle \u00e8 realizzato a mano utilizzando il materiale della borsa originale Louis Vuitton e il 100% di pelle naturale. Pu\u00f2 essere abbinato alla maggior parte dei vostri oggetti per aggiungere un tocco di lusso al loro look.","_seopress_robots_index":""},"product_brand":[],"product_cat":[485,500,659,660,661,662,663,545,546,547,555,574,575,576,577,578,579,580,581,589,590,591,592,593,594,595,596,597,598,599,672,673,674,675,676,677,678,679,680,681,620,630,635,641],"product_tag":[],"class_list":{"0":"post-3232","1":"product","2":"type-product","3":"status-publish","4":"has-post-thumbnail","6":"product_cat-eleganza-e-distinzione-portachiavi-louis-vuitton-per-un-look-memorabile","7":"product_cat-eleva-il-tuo-stile-portachiavi-louis-vuitton-per-una-presenza-inconfondibile","8":"product_cat-idee-regali-uomo","9":"product_cat-idee-regalo-donna","10":"product_cat-idee-regalo-per-donna","11":"product_cat-idee-regalo-per-uomo","12":"product_cat-idee-regalo-uomo-raffinato-regali-per-lui-anniversario","13":"product_cat-louis-vuitton-portachiave-artigianale","14":"product_cat-louis-vuitton-portachiavi-donna-artigianale","15":"product_cat-louis-vuitton-portachiavi-uomo-artigianale","16":"product_cat-offerte-di-oggi","17":"product_cat-portachiave-louis-vuitton-artigianale","18":"product_cat-portachiave-louis-vuitton-uomo-artigianale","19":"product_cat-portachiave-uomo-louis-vuitton-artigianale","20":"product_cat-portachiavi","21":"product_cat-portachiavi-auto-uomo-firmati-louis-vuitton-gucci-artigianali","22":"product_cat-portachiavi-donna-firmati-louis-vuitton-gucci-artigianali","23":"product_cat-portachiavi-donna-louis-vuitton-artigianale","24":"product_cat-portachiavi-firmati-louis-vuitton-gucci-artigianali","25":"product_cat-portachiavi-louis-vuitton-artigianale","26":"product_cat-portachiavi-louis-vuitton-donna-artigianale","27":"product_cat-portachiavi-louis-vuitton-uomo-artigianale","28":"product_cat-portachiavi-louis-vuitton-accessori-di-lusso-per-uno-stile-impeccabile","29":"product_cat-portachiavi-louis-vuitton-eleganza-e-lusso-definiti","30":"product_cat-portachiavi-louis-vuitton-eleganza-e-stile-definiti-in-ogni-dettaglio","31":"product_cat-portachiavi-louis-vuitton-lusso-ed-eleganza-in-un-singolo-dettaglio","32":"product_cat-portachiavi-lv-artigianale","33":"product_cat-portachiavi-lv-donna-artigianale","34":"product_cat-portachiavi-regalo","35":"product_cat-portachiavi-uomo-firmati-gucci-louis-vuitton-artigianali","36":"product_cat-regali-per-la-festa-del-papa","37":"product_cat-regali-per-la-mamma-accessori-esclusivi-per-esprimere-il-tuo-amore","38":"product_cat-regali-per-lei","39":"product_cat-regali-per-uomini","40":"product_cat-regali-per-uomo","41":"product_cat-regali-uomo-idee-uniche-per-lui","42":"product_cat-regalo-donna-accessori-esclusivi-per-lei","43":"product_cat-regalo-festa-del-papa","44":"product_cat-regalo-papa-accessori-unici-per-esprimere-il-tuo-sentimento","45":"product_cat-regalo-uomo-accessori-distintivi-per-un-regalo-indimenticabile","46":"product_cat-scopri-la-refinedment-portachiavi-louis-vuitton-per-un-look-distintivo","47":"product_cat-stile-ed-eleganza-autentica-collezione-di-portachiavi-louis-vuitton","48":"product_cat-stile-elevato-delleleganza-portachiavi-louis-vuitton-per-una-presenza-impressionante","49":"product_cat-stile-italiano-elevato-collezione-di-portachiavi-louis-vuitton","51":"first","52":"instock","53":"featured","54":"shipping-taxable","55":"purchasable","56":"product-type-simple"},"yoast_head":"<!-- This site is optimized with the Yoast SEO plugin v27.1.1 - https:\/\/yoast.com\/product\/yoast-seo-wordpress\/ -->\n<title>Portachiavi Louis Vuitton Mini Artigianale - INDIVIDUAL BRAND<\/title>\n<meta name=\"robots\" content=\"index, follow, max-snippet:-1, max-image-preview:large, max-video-preview:-1\" \/>\n<link rel=\"canonical\" href=\"https:\/\/theindividualbrand.com\/en\/product\/portachiavi-louis-vuitton-mini-artigianale\/\" \/>\n<meta property=\"og:locale\" content=\"en_US\" \/>\n<meta property=\"og:type\" content=\"article\" \/>\n<meta property=\"og:title\" content=\"Portachiavi Louis Vuitton Mini Artigianale - INDIVIDUAL BRAND\" \/>\n<meta property=\"og:description\" content=\"Eleganza Artigianale Questo portachiavi Louis Vuitton fatto a mano \u00e8 uno squisito ornamento che fa risaltare il vostro bagaglio. Il\" \/>\n<meta property=\"og:url\" content=\"https:\/\/theindividualbrand.com\/en\/product\/portachiavi-louis-vuitton-mini-artigianale\/\" \/>\n<meta property=\"og:site_name\" content=\"INDIVIDUAL BRAND\" \/>\n<meta property=\"article:modified_time\" content=\"2026-01-18T05:52:02+00:00\" \/>\n<meta property=\"og:image\" content=\"https:\/\/theindividualbrand.com\/wp-content\/uploads\/2024\/05\/Portachiavi-Louis-Vuitton-Mini-Artigianale-4.jpg\" \/>\n\t<meta property=\"og:image:width\" content=\"1500\" \/>\n\t<meta property=\"og:image:height\" content=\"1500\" \/>\n\t<meta property=\"og:image:type\" content=\"image\/jpeg\" \/>\n<meta name=\"twitter:card\" content=\"summary_large_image\" \/>\n<script type=\"application\/ld+json\" class=\"yoast-schema-graph\">{\"@context\":\"https:\/\/schema.org\",\"@graph\":[{\"@type\":\"WebPage\",\"@id\":\"https:\/\/theindividualbrand.com\/product\/portachiavi-louis-vuitton-mini-artigianale\/\",\"url\":\"https:\/\/theindividualbrand.com\/product\/portachiavi-louis-vuitton-mini-artigianale\/\",\"name\":\"Portachiavi Louis Vuitton Mini Artigianale - INDIVIDUAL BRAND\",\"isPartOf\":{\"@id\":\"https:\/\/theindividualbrand.com\/#website\"},\"primaryImageOfPage\":{\"@id\":\"https:\/\/theindividualbrand.com\/product\/portachiavi-louis-vuitton-mini-artigianale\/#primaryimage\"},\"image\":{\"@id\":\"https:\/\/theindividualbrand.com\/product\/portachiavi-louis-vuitton-mini-artigianale\/#primaryimage\"},\"thumbnailUrl\":\"https:\/\/theindividualbrand.com\/wp-content\/uploads\/2024\/05\/Portachiavi-Louis-Vuitton-Mini-Artigianale-4.jpg\",\"datePublished\":\"2024-05-14T08:08:35+00:00\",\"dateModified\":\"2026-01-18T05:52:02+00:00\",\"breadcrumb\":{\"@id\":\"https:\/\/theindividualbrand.com\/product\/portachiavi-louis-vuitton-mini-artigianale\/#breadcrumb\"},\"inLanguage\":\"en-US\",\"potentialAction\":[{\"@type\":\"ReadAction\",\"target\":[\"https:\/\/theindividualbrand.com\/product\/portachiavi-louis-vuitton-mini-artigianale\/\"]}]},{\"@type\":\"ImageObject\",\"inLanguage\":\"en-US\",\"@id\":\"https:\/\/theindividualbrand.com\/product\/portachiavi-louis-vuitton-mini-artigianale\/#primaryimage\",\"url\":\"https:\/\/theindividualbrand.com\/wp-content\/uploads\/2024\/05\/Portachiavi-Louis-Vuitton-Mini-Artigianale-4.jpg\",\"contentUrl\":\"https:\/\/theindividualbrand.com\/wp-content\/uploads\/2024\/05\/Portachiavi-Louis-Vuitton-Mini-Artigianale-4.jpg\",\"width\":1500,\"height\":1500,\"caption\":\"portachiavi firmato\"},{\"@type\":\"BreadcrumbList\",\"@id\":\"https:\/\/theindividualbrand.com\/product\/portachiavi-louis-vuitton-mini-artigianale\/#breadcrumb\",\"itemListElement\":[{\"@type\":\"ListItem\",\"position\":1,\"name\":\"Home\",\"item\":\"https:\/\/theindividualbrand.com\/\"},{\"@type\":\"ListItem\",\"position\":2,\"name\":\"Prodotti\",\"item\":\"https:\/\/theindividualbrand.com\/shop\/\"},{\"@type\":\"ListItem\",\"position\":3,\"name\":\"Portachiavi Louis Vuitton Mini Artigianale\"}]},{\"@type\":\"WebSite\",\"@id\":\"https:\/\/theindividualbrand.com\/#website\",\"url\":\"https:\/\/theindividualbrand.com\/\",\"name\":\"INDIVIDUAL BRAND\",\"description\":\"Il mondo del lusso riciclato\",\"publisher\":{\"@id\":\"https:\/\/theindividualbrand.com\/#organization\"},\"potentialAction\":[{\"@type\":\"SearchAction\",\"target\":{\"@type\":\"EntryPoint\",\"urlTemplate\":\"https:\/\/theindividualbrand.com\/?s={search_term_string}\"},\"query-input\":{\"@type\":\"PropertyValueSpecification\",\"valueRequired\":true,\"valueName\":\"search_term_string\"}}],\"inLanguage\":\"en-US\"},{\"@type\":\"Organization\",\"@id\":\"https:\/\/theindividualbrand.com\/#organization\",\"name\":\"INDIVIDUAL BRAND\",\"url\":\"https:\/\/theindividualbrand.com\/\",\"logo\":{\"@type\":\"ImageObject\",\"inLanguage\":\"en-US\",\"@id\":\"https:\/\/theindividualbrand.com\/#\/schema\/logo\/image\/\",\"url\":\"https:\/\/theindividualbrand.com\/wp-content\/uploads\/2024\/05\/output-onlinepngtools.png\",\"contentUrl\":\"https:\/\/theindividualbrand.com\/wp-content\/uploads\/2024\/05\/output-onlinepngtools.png\",\"width\":1000,\"height\":324,\"caption\":\"INDIVIDUAL BRAND\"},\"image\":{\"@id\":\"https:\/\/theindividualbrand.com\/#\/schema\/logo\/image\/\"}}]}<\/script>\n<!-- \/ Yoast SEO plugin. -->","yoast_head_json":{"title":"Portachiavi Louis Vuitton Mini Artigianale - INDIVIDUAL BRAND","robots":{"index":"index","follow":"follow","max-snippet":"max-snippet:-1","max-image-preview":"max-image-preview:large","max-video-preview":"max-video-preview:-1"},"canonical":"https:\/\/theindividualbrand.com\/en\/product\/portachiavi-louis-vuitton-mini-artigianale\/","og_locale":"en_US","og_type":"article","og_title":"Portachiavi Louis Vuitton Mini Artigianale - INDIVIDUAL BRAND","og_description":"Eleganza Artigianale Questo portachiavi Louis Vuitton fatto a mano \u00e8 uno squisito ornamento che fa risaltare il vostro bagaglio. Il","og_url":"https:\/\/theindividualbrand.com\/en\/product\/portachiavi-louis-vuitton-mini-artigianale\/","og_site_name":"INDIVIDUAL BRAND","article_modified_time":"2026-01-18T05:52:02+00:00","og_image":[{"width":1500,"height":1500,"url":"https:\/\/theindividualbrand.com\/wp-content\/uploads\/2024\/05\/Portachiavi-Louis-Vuitton-Mini-Artigianale-4.jpg","type":"image\/jpeg"}],"twitter_card":"summary_large_image","schema":{"@context":"https:\/\/schema.org","@graph":[{"@type":"WebPage","@id":"https:\/\/theindividualbrand.com\/product\/portachiavi-louis-vuitton-mini-artigianale\/","url":"https:\/\/theindividualbrand.com\/product\/portachiavi-louis-vuitton-mini-artigianale\/","name":"Portachiavi Louis Vuitton Mini Artigianale - INDIVIDUAL BRAND","isPartOf":{"@id":"https:\/\/theindividualbrand.com\/#website"},"primaryImageOfPage":{"@id":"https:\/\/theindividualbrand.com\/product\/portachiavi-louis-vuitton-mini-artigianale\/#primaryimage"},"image":{"@id":"https:\/\/theindividualbrand.com\/product\/portachiavi-louis-vuitton-mini-artigianale\/#primaryimage"},"thumbnailUrl":"https:\/\/theindividualbrand.com\/wp-content\/uploads\/2024\/05\/Portachiavi-Louis-Vuitton-Mini-Artigianale-4.jpg","datePublished":"2024-05-14T08:08:35+00:00","dateModified":"2026-01-18T05:52:02+00:00","breadcrumb":{"@id":"https:\/\/theindividualbrand.com\/product\/portachiavi-louis-vuitton-mini-artigianale\/#breadcrumb"},"inLanguage":"en-US","potentialAction":[{"@type":"ReadAction","target":["https:\/\/theindividualbrand.com\/product\/portachiavi-louis-vuitton-mini-artigianale\/"]}]},{"@type":"ImageObject","inLanguage":"en-US","@id":"https:\/\/theindividualbrand.com\/product\/portachiavi-louis-vuitton-mini-artigianale\/#primaryimage","url":"https:\/\/theindividualbrand.com\/wp-content\/uploads\/2024\/05\/Portachiavi-Louis-Vuitton-Mini-Artigianale-4.jpg","contentUrl":"https:\/\/theindividualbrand.com\/wp-content\/uploads\/2024\/05\/Portachiavi-Louis-Vuitton-Mini-Artigianale-4.jpg","width":1500,"height":1500,"caption":"portachiavi firmato"},{"@type":"BreadcrumbList","@id":"https:\/\/theindividualbrand.com\/product\/portachiavi-louis-vuitton-mini-artigianale\/#breadcrumb","itemListElement":[{"@type":"ListItem","position":1,"name":"Home","item":"https:\/\/theindividualbrand.com\/"},{"@type":"ListItem","position":2,"name":"Prodotti","item":"https:\/\/theindividualbrand.com\/shop\/"},{"@type":"ListItem","position":3,"name":"Portachiavi Louis Vuitton Mini Artigianale"}]},{"@type":"WebSite","@id":"https:\/\/theindividualbrand.com\/#website","url":"https:\/\/theindividualbrand.com\/","name":"INDIVIDUAL BRAND","description":"Il mondo del lusso riciclato","publisher":{"@id":"https:\/\/theindividualbrand.com\/#organization"},"potentialAction":[{"@type":"SearchAction","target":{"@type":"EntryPoint","urlTemplate":"https:\/\/theindividualbrand.com\/?s={search_term_string}"},"query-input":{"@type":"PropertyValueSpecification","valueRequired":true,"valueName":"search_term_string"}}],"inLanguage":"en-US"},{"@type":"Organization","@id":"https:\/\/theindividualbrand.com\/#organization","name":"INDIVIDUAL BRAND","url":"https:\/\/theindividualbrand.com\/","logo":{"@type":"ImageObject","inLanguage":"en-US","@id":"https:\/\/theindividualbrand.com\/#\/schema\/logo\/image\/","url":"https:\/\/theindividualbrand.com\/wp-content\/uploads\/2024\/05\/output-onlinepngtools.png","contentUrl":"https:\/\/theindividualbrand.com\/wp-content\/uploads\/2024\/05\/output-onlinepngtools.png","width":1000,"height":324,"caption":"INDIVIDUAL BRAND"},"image":{"@id":"https:\/\/theindividualbrand.com\/#\/schema\/logo\/image\/"}}]}},"_links":{"self":[{"href":"https:\/\/theindividualbrand.com\/en\/wp-json\/wp\/v2\/product\/3232","targetHints":{"allow":["GET"]}}],"collection":[{"href":"https:\/\/theindividualbrand.com\/en\/wp-json\/wp\/v2\/product"}],"about":[{"href":"https:\/\/theindividualbrand.com\/en\/wp-json\/wp\/v2\/types\/product"}],"version-history":[{"count":0,"href":"https:\/\/theindividualbrand.com\/en\/wp-json\/wp\/v2\/product\/3232\/revisions"}],"wp:featuredmedia":[{"embeddable":true,"href":"https:\/\/theindividualbrand.com\/en\/wp-json\/wp\/v2\/media\/3445"}],"wp:attachment":[{"href":"https:\/\/theindividualbrand.com\/en\/wp-json\/wp\/v2\/media?parent=3232"}],"wp:term":[{"taxonomy":"product_brand","embeddable":true,"href":"https:\/\/theindividualbrand.com\/en\/wp-json\/wp\/v2\/product_brand?post=3232"},{"taxonomy":"product_cat","embeddable":true,"href":"https:\/\/theindividualbrand.com\/en\/wp-json\/wp\/v2\/product_cat?post=3232"},{"taxonomy":"product_tag","embeddable":true,"href":"https:\/\/theindividualbrand.com\/en\/wp-json\/wp\/v2\/product_tag?post=3232"}],"curies":[{"name":"wp","href":"https:\/\/api.w.org\/{rel}","templated":true}]}}